{"id":5,"date":"2020-09-11T14:28:11","date_gmt":"2020-09-11T12:28:11","guid":{"rendered":"http:\/\/www.cargoradom.pl\/?page_id=5"},"modified":"2025-03-26T12:15:17","modified_gmt":"2025-03-26T11:15:17","slug":"mesmerize","status":"publish","type":"page","link":"https:\/\/www.cargoradom.pl\/","title":{"rendered":"Strona g\u0142\u00f3wna"},"content":{"rendered":"<div  id=\"oferta\" class=\"overlappable-4 content-section content-section-spacing\" style=\"background-color: #ffffff;\" data-label=\"Oferta\" data-id=\"overlappable--1\" data-export-id=\"overlappable-4\" data-category=\"overlappable\" data-overlap=\"true\">\n<div  class=\"gridContainer\">\n<div  class=\"row spaced-cols text-center content-center-sm center-sm\" data-type=\"row\">\n<div  class=\"col-xs-12 col-sm-4 col-padding\"><i  class=\"fa icon shadow-large-black aligncenter color1 fa-clone reverse round big\"><\/i>\n<div  class=\"\" data-type=\"column\">\n<h5  class=\"\">ZG\u0141OSZENIA<\/h5>\n<p  class=\"\">Kompleksowe przygotowanie i dokonanie zg\u0142osze\u0144 do Urz\u0119du Celnego w ramach wszystkich procedur celnych. Rejestracja podmiot\u00f3w i pomoc w uzyskaniu numeru EORI na platformie PUESC<\/p>\n\n<\/div>\n<\/div>\n<div  class=\"col-xs-12 col-sm-4 col-padding\"><i  class=\"fa icon shadow-large-black aligncenter color1 fa-cogs reverse round big\"><\/i>\n<div  class=\"\" data-type=\"column\">\n<h5  class=\"\">DEKLARACJE AKCYZOWE<\/h5>\n<p  class=\"\">Kompleksowe przygotowanie i dostarczenie do Urz\u0119du Skarbowego uproszczonych deklaracji akcyzowych\nod samochod\u00f3w osobowych w nabyciu wewn\u0105trzwsp\u00f3lnotowym<\/p>\n\n<\/div>\n<\/div>\n<div  class=\"col-xs-12 col-sm-4 col-padding\"><i  class=\"fa icon shadow-large-black aligncenter color1 fa-bookmark reverse round big\"><\/i>\n<div  class=\"\" data-type=\"column\">\n<h5  class=\"\">WNIOSKI, ODWO\u0141ANIA, FORMALNO\u015aCI<\/h5>\n<p  class=\"\">Sporz\u0105dzanie wniosk\u00f3w o udzielanie pozwole\u0144 do procedur specjalnych, wnoszenie odwo\u0142a\u0144 podlegaj\u0105cych rozpatrzeniu przez organy podatkowe, wype\u0142nienie i legalizacja \u015awiadectw Pochodzenia oraz \u015awiadectw Przewozowych EUR.1 i A.TR., wype\u0142nianie dokument\u00f3w: CMR i karnet TIR<\/p>\n\n<\/div>\n<\/div>\n<div  class=\"col-xs-12 col-sm-4 col-padding\"><i  class=\"fa icon shadow-large-black aligncenter color1 fa-umbrella reverse round big\"><\/i>\n<div  class=\"\" data-type=\"column\">\n<h5  class=\"\">UBEZPIECZENIA POJAZD\u00d3W<\/h5>\n<p  class=\"\">Posiadamy w ofercie ubezpieczenia kr\u00f3tkoterminowe<\/p>\n\n<\/div>\n<\/div>\n<div  class=\"col-xs-12 col-sm-4 col-padding\"><i  class=\"fa icon shadow-large-black aligncenter color1 fa-clipboard reverse round big\"><\/i>\n<div  class=\"\" data-type=\"column\">\n<h5  class=\"\">T\u0141UMACZENIA PRZYSI\u0118G\u0141E<\/h5>\n<p  class=\"\">T\u0142umaczenia dokument\u00f3w, pism urz\u0119dowych, dokumentacji technicznej we wszystkich j\u0119zykach<\/p>\n\n<\/div>\n<\/div>\n<div  class=\"col-xs-12 col-sm-4 col-padding\"><i  class=\"fa icon shadow-large-black aligncenter color1 fa-car reverse round big\"><\/i>\n<div  class=\"\" data-type=\"column\">\n<h5  class=\"\">REJESTRACJA POJAZD\u00d3W<\/h5>\n<p  class=\"\">Za\u0142atwianie wszelkich formalno\u015bci zwi\u0105zanych z rejestracj\u0105 pojazdu<\/p>\n\n<\/div>\n<\/div>\n<div  class=\"col-xs-12 col-sm-4 col-padding\"><i  class=\"fa icon shadow-large-black aligncenter color1 fa-users reverse round big\"><\/i>\n<div  class=\"\" data-type=\"column\">\n<h5  class=\"\">DORADZTWO<\/h5>\n<p  class=\"\">Doradztwo z zakresu prawa celnego, handlu zagranicznego, ce\u0142, podatk\u00f3w, obrotu towarowego wsp\u00f3lnotowego i krajami trzecimi<\/p>\n\n<\/div>\n<\/div>\n<div  class=\"col-xs-12 col-sm-4 col-padding\"><i  class=\"fa icon shadow-large-black aligncenter color1 fa-check-square-o reverse round big\"><\/i>\n<div  class=\"\" data-type=\"column\">\n<h5  class=\"\">INTRASTAT<\/h5>\n<p  class=\"\">Dokonywanie zg\u0142osze\u0144 w systemie INTRASTAT (w oparciu o dokumenty potwierdzaj\u0105ce wewn\u0105trzwsp\u00f3lnotowy obr\u00f3t towarowy sporz\u0105dzamy faktury wewn\u0119trzne, deklaracje INTRASTAT oraz dokonujemy elektronicznych zg\u0142osze\u0144 do Izby Celnej)<\/p>\n\n<\/div>\n<\/div>\n<div  class=\"col-xs-12 col-sm-4 col-padding\"><i  class=\"fa icon shadow-large-black aligncenter color1 fa-compress reverse round big\"><\/i>\n<div  class=\"\" data-type=\"column\">\n<h5  class=\"\">INNE US\u0141UGI<\/h5>\n<p  class=\"\">Zawieranie um\u00f3w o zapewnienie sieci zbierania pojazd\u00f3w\nZawieranie um\u00f3w z Organizacj\u0105 Odzysku \u2013 dot. op\u0142aty produktowej\nSk\u0142adanie wniosk\u00f3w o wpis do rejestru BDO, aktualizacja, wykre\u015blenie z rejestru<\/p>\n\n<\/div>\n<\/div>\n<\/div>\n<\/div>\n<\/div><div  id=\"about-1\" class=\"about-1 content-section\" style=\"background-color: #f5fafd;\" data-label=\"About\" data-id=\"about--1\" data-export-id=\"about-1\" data-category=\"about\">\n<div  class=\"gridContainer\">\n<div  class=\"row text-center\">\n<div  class=\"section-title-col\" data-type=\"column\">\n<h2  class=\"\">Wyb\u00f3r agencji celnej\u2026<\/h2>\n<p  class=\"lead\">Wbrew pozorom to bardzo istotna decyzja. Agencja z do\u015bwiadczeniem i fachow\u0105 wiedz\u0105 to nie tylko przyspieszenie formalno\u015bci, ale pewno\u015b\u0107 w\u0142a\u015bciwie za\u0142atwionej sprawy. Prawo Unii Europejskiej zmienia si\u0119 dosy\u0107 szybko. Obowi\u0105zkiem agencji jest nad\u0105\u017canie za zmianami.<\/p>\nMy nad\u0105\u017camy\u2026\n\n<\/div>\n<\/div>\n<div  class=\"row\">\n<div  class=\"button-holder space-bottom space-bottom-small\" data-type=\"column\"><a  class=\"button color1\" href=\"#\">GET STARTED NOW<\/a><\/div>\n<div  class=\"col-xs bottom-xs flexbox image-group-bottom-3-img space-bottom-xs center-xs\"><img  decoding=\"async\" class=\"left-img shadow-large-black\" title=\"cropped-cropped-1_czb.jpg\" src=\"https:\/\/www.cargoradom.pl\/wp-content\/uploads\/2020\/09\/cropped-cropped-1_czb.jpg\" alt=\"\" data-size=\"500x300\"> <img  decoding=\"async\" class=\"center-img shadow-large-black\" title=\"cropped-cropped-3_czb.jpg\" src=\"https:\/\/www.cargoradom.pl\/wp-content\/uploads\/2020\/09\/cropped-cropped-3_czb.jpg\" alt=\"\" data-size=\"500x300\"> <img  decoding=\"async\" class=\"right-img shadow-large-black\" title=\"cropped-cropped-cropped-2_czb.jpg\" src=\"https:\/\/www.cargoradom.pl\/wp-content\/uploads\/2020\/09\/cropped-cropped-cropped-2_czb.jpg\" alt=\"\" data-size=\"500x300\"><\/div>\n<\/div>\n<\/div>\n<\/div><div  id=\"o-nas\" class=\"features-12 content-section content-section-spacing \" style=\"background-color: #f5fafd;\" data-label=\"O nas\" data-id=\"features--1\" data-export-id=\"features-12\" data-category=\"features\">\n<div  class=\"gridContainer\">\n<div  class=\"row text-center\">\n<div  class=\"section-title-col\" data-type=\"column\">\n<h2  class=\"\">Kim jeste\u015bmy<\/h2>\n<p  class=\"lead\">Agencja Celna CAR GO zlokalizowana bezpo\u015brednio przy Urz\u0119dzie Celnym\nw Radomiu, \u015bwiadczy swoje us\u0142ugi od 2007 roku. Podstawowym celem firmy jest kompleksowe reprezentowanie interes\u00f3w Klienta przed organami administracji publicznej. Dzi\u0119ki d\u0142ugoletniej wsp\u00f3\u0142pracy z Urz\u0119dem Celnym i Skarbowym oraz zdobytemu do\u015bwiadczeniu, \u015bwiadczymy mi\u0142\u0105 i rzeteln\u0105 obs\u0142ug\u0119. Do ka\u017cdego Klienta podchodzimy indywidualnie i traktujemy Go priorytetowo. Atutem naszej firmy jest profesjonalne podej\u015bcie do pracy, kt\u00f3r\u0105 wykonujemy z pasj\u0105. Zale\u017cy nam na zadowoleniu i poczuciu bezpiecze\u0144stwa Klient\u00f3w kt\u00f3rzy nam zaufali. Pod\u0105\u017camy za rosn\u0105cymi wymaganiami rynku, przez co gwarantujemy us\u0142ugi o coraz wy\u017cszej jako\u015bci.<\/p>\n\n<\/div>\n<\/div>\n<div  class=\"row spaced-cols\" data-type=\"row\">\n<div  class=\"col-sm-6\">\n<div  class=\"row space-bottom\">\n<div  class=\"col-sm-fit icon-column\"><\/div>\n<div  class=\"col-sm\" data-type=\"column\">\n<h5  class=\"color2\">WIELOLETNIE DO\u015aWIADCZENIE<\/h5>\n<p  class=\"\">do\u015bwiadczenie to nasza przewaga<\/p>\n\n<\/div>\n<\/div>\n<\/div>\n<div  class=\"col-sm-6\">\n<div  class=\"row space-bottom\">\n<div  class=\"col-sm-fit icon-column\"><\/div>\n<div  class=\"col-sm\" data-type=\"column\">\n<h5  class=\"color2\">ZNAJOMO\u015a\u0106 PRAWA CELNEGO<\/h5>\n<p  class=\"\">systematycznie poszerzamy wiedz\u0119, \u015bledzimy<\/p>\nzmiany na rynku\n\n<\/div>\n<\/div>\n<\/div>\n<div  class=\"col-sm-6\">\n<div  class=\"row space-bottom\">\n<div  class=\"col-sm-fit icon-column\"><\/div>\n<div  class=\"col-sm\" data-type=\"column\">\n<h5  class=\"color2\">RZETELNA REPREZENTACJA<\/h5>\n<p  class=\"\">reprezentujemy Klienta \u2013 nie urz\u0105d<\/p>\n\n<\/div>\n<\/div>\n<\/div>\n<div  class=\"col-sm-6\">\n<div  class=\"row space-bottom\">\n<div  class=\"col-sm-fit icon-column\"><\/div>\n<div  class=\"col-sm\" data-type=\"column\">\n<h5  class=\"color2\">TERMINOWO\u015a\u0106<\/h5>\n<p  class=\"\">znamy poj\u0119cie: \u201eczas to pieni\u0105dz\u201d<\/p>\n\n<\/div>\n<\/div>\n<\/div>\n<\/div>\n<\/div>\n<\/div><div  id=\"kontakt\" class=\"team-2 content-section content-section-spacing\" style=\"background-color: #ffffff;\" data-label=\"Kontakt\" data-id=\"team--1\" data-export-id=\"team-2\" data-category=\"team\">\n<div  class=\"gridContainer\">\n<div  class=\"row text-center\">\n<div  class=\"section-title-col\" data-type=\"column\">\n<h2  class=\"\">My<\/h2>\n<p  class=\"lead\">Tworzymy do\u015bwiadczony i zgrany zesp\u00f3\u0142 fachowc\u00f3w. Znamy si\u0119 na tym, co robimy.\nOczekujesz konkretnych efekt\u00f3w, a mo\u017ce rady? Zapraszamy do nas.<\/p>\n\n<\/div>\n<\/div>\n<div  class=\"row spaced-cols content-center-sm\" data-type=\"row\">\n<div  class=\"col-sm-6 col-md-3\">\n<div  class=\"card y-move no-padding bordered\">\n<div  class=\"col-padding-small col-padding-small-xs description-container\" data-type=\"column\">\n<h4  class=\"font-500\">Piotr<\/h4>\n<div  class=\"social-icons-group\" data-type=\"group\"><\/div>\n<p  class=\"small\" style=\"font-style: italic;\">tel.: 601 818 466<\/p>\n<p  class=\"\">e-mail:\npiotr@cargoradom.pl<\/p>\n\n<\/div>\n<\/div>\n<\/div>\n<div  class=\"col-sm-6 col-md-3\">\n<div  class=\"card y-move no-padding bordered\">\n<div  class=\"col-padding-small col-padding-small-xs description-container\" data-type=\"column\">\n<h4  class=\"font-500\">Katarzyna<\/h4>\n<div  class=\"social-icons-group\" data-type=\"group\"><\/div>\n<p  class=\"small\" style=\"font-style: italic;\">tel.: 603 400 214<\/p>\n<p  class=\"\">e-mail:\nkasia@cargoradom.pl<\/p>\n\n<\/div>\n<\/div>\n<\/div>\n<div  class=\"col-sm-6 col-md-3\">\n<div  class=\"card y-move no-padding bordered\">\n<div  class=\"col-padding-small col-padding-small-xs description-container\" data-type=\"column\">\n<h4  class=\"font-500\">Hubert<\/h4>\n<div  class=\"social-icons-group\" data-type=\"group\"><\/div>\n<p  class=\"small\" style=\"font-style: italic;\">tel.: 537 729 372<\/p>\n<p  class=\"\">e-mail:\nhubert@cargoradom.pl<\/p>\n\n<\/div>\n<\/div>\n<\/div>\n<div  class=\"col-sm-6 col-md-3\">\n<div  class=\"card y-move no-padding bordered\">\n<div  class=\"col-padding-small col-padding-small-xs description-container\" data-type=\"column\">\n<h4  class=\"font-500\">Renata<\/h4>\n<div  class=\"social-icons-group\" data-type=\"group\"><\/div>\n<p  class=\"small\" style=\"font-style: italic;\">tel.: 607 054 914<\/p>\n<p  class=\"\">e-mail:\nrenata@cargoradom.pl<\/p>\n\n<\/div>\n<\/div>\n<\/div>\n<\/div>\n<\/div>\n<\/div><div  id=\"kontakt1\" class=\"contact-1 content-section content-section-spacing white-text\" style=\"background-color: #f5fafd;\" data-label=\"Kontakt1\" data-id=\"contact--1\" data-export-id=\"contact-1\" data-category=\"contact\" data-parallax-depth=\"20\">\n<div  class=\"gridContainer\">\n<div  class=\"row text-center\">\n<div  class=\"section-title-col\" data-type=\"column\">\n<h2  class=\"\">Kontakt<\/h2>\n<p  class=\"lead\">Agencja Celna CAR GO \u2013 ul. Wroc\u0142awska 4, Radom\nTeren Hurtowni FREGA \u2013 wjazd w prawo\nprzed g\u0142\u00f3wnym parkingiem jad\u0105c od ul. Chorzowskiej<\/p>\n<p  class=\"lead\">tel.: 48\/ 365 01 20, fax: 48\/ 365 01 57\ne-mail: biuro@cargoradom.pl\n<\/p><div  id=\"embed-map-display\" style=\"height: 100%; width: 100%; max-width: 100%;\" class=\"\"><iframe  style=\"height: 100%; width: 100%; border-width: 0px; border-style: initial;\" frameborder=\"0\" src=\"https:\/\/www.google.com\/maps\/embed\/v1\/place?q=Radom+Cargo+radom&amp;key=AIzaSyBFw0Qbyq9zTFTd-tUY6dZWTgaQzuU17R8\"><\/iframe><\/div>\n\n<\/div>\n<\/div>\n<div  class=\"row text-center\">\n<div  class=\"col-xs-12 col-sm-8 col-sm-offset-2 contact-form-wrapper inline-info\">\n<div  class=\"card large-padding\">\n<div  class=\"\" data-content-shortcode=\"mesmerize_contact_form shortcode=&quot;&amp;amp;lt;div style=&amp;amp;quot;max-width:100%;list-style:none; transition: none;overflow:hidden;width:500px;height:500px;&amp;amp;quot;&amp;amp;gt;&amp;amp;lt;div id=&amp;amp;quot;embed-map-display&amp;amp;quot; style=&amp;amp;quot;height:100%; width:100%;max-width:100%;&amp;amp;quot;&amp;amp;gt;&amp;amp;lt;iframe style=&amp;amp;quot;height:100%;width:100%;border:0;&amp;amp;quot; frameborder=&amp;amp;quot;0&amp;amp;quot; src=&amp;amp;quot;https:\/\/www.google.com\/maps\/embed\/v1\/place?q=Radom+Cargo+radom&amp;amp;amp;key=AIzaSyBFw0Qbyq9zTFTd-tUY6dZWTgaQzuU17R8&amp;amp;quot;&amp;amp;gt;&amp;amp;lt;\/iframe&amp;amp;gt;&amp;amp;lt;\/div&amp;amp;gt;&amp;amp;lt;a class=&amp;amp;quot;google-maps-html&amp;amp;quot; href=&amp;amp;quot;https:\/\/www.bootstrapskins.com\/themes&amp;amp;quot; id=&amp;amp;quot;authorize-maps-data&amp;amp;quot;&amp;amp;gt;premium bootstrap themes&amp;amp;lt;\/a&amp;amp;gt;&amp;amp;lt;style&amp;amp;gt;#embed-map-display .text-marker{}.map-generator{max-width: 10%; max-height: 10%; background: none;&amp;amp;lt;\/style&amp;amp;gt;&amp;amp;lt;\/div&amp;amp;gt;&quot;\" data-editable=\"true\">[premium bootstrap themes]<\/div>\n<\/div>\n<\/div>\n<\/div>\n<\/div>\n<\/div><div  id=\"content-1\" class=\"content-12 content-section content-section-spacing\" style=\"background-color: #f5fafd;\" data-label=\"Content\" data-id=\"content--1\" data-export-id=\"content-12\" data-category=\"content\">\n<div  class=\"gridContainer\">\n<div  class=\"row text-center\">\n<div  class=\"section-title-col\" data-type=\"column\">\n<h2  class=\"\">Napisz do nas<\/h2>\n<p  class=\"\">\n<div class=\"wpcf7 no-js\" id=\"wpcf7-f331-o1\" lang=\"pl-PL\" dir=\"ltr\" data-wpcf7-id=\"331\">\n<div class=\"screen-reader-response\"><p role=\"status\" aria-live=\"polite\" aria-atomic=\"true\"><\/p> <ul><\/ul><\/div>\n<form action=\"\/index.php?rest_route=%2Fwp%2Fv2%2Fpages%2F5#wpcf7-f331-o1\" method=\"post\" class=\"wpcf7-form init\" aria-label=\"Formularz kontaktowy\" novalidate=\"novalidate\" data-status=\"init\">\n<fieldset class=\"hidden-fields-container\"><input type=\"hidden\" name=\"_wpcf7\" value=\"331\" \/><input type=\"hidden\" name=\"_wpcf7_version\" value=\"6.1.5\" \/><input type=\"hidden\" name=\"_wpcf7_locale\" value=\"pl_PL\" \/><input type=\"hidden\" name=\"_wpcf7_unit_tag\" value=\"wpcf7-f331-o1\" \/><input type=\"hidden\" name=\"_wpcf7_container_post\" value=\"0\" \/><input type=\"hidden\" name=\"_wpcf7_posted_data_hash\" value=\"\" \/>\n<\/fieldset>\n<p><label> Twoje imi\u0119<br \/>\n<span class=\"wpcf7-form-control-wrap\" data-name=\"your-name\"><input size=\"40\" maxlength=\"400\" class=\"wpcf7-form-control wpcf7-text wpcf7-validates-as-required\" aria-required=\"true\" aria-invalid=\"false\" value=\"\" type=\"text\" name=\"your-name\" \/><\/span> <\/label>\n<\/p>\n<p><label> Tw\u00f3j e-mail<br \/>\n<span class=\"wpcf7-form-control-wrap\" data-name=\"your-email\"><input size=\"40\" maxlength=\"400\" class=\"wpcf7-form-control wpcf7-email wpcf7-validates-as-required wpcf7-text wpcf7-validates-as-email\" aria-required=\"true\" aria-invalid=\"false\" value=\"\" type=\"email\" name=\"your-email\" \/><\/span> <\/label>\n<\/p>\n<p><label> Temat<br \/>\n<span class=\"wpcf7-form-control-wrap\" data-name=\"your-subject\"><input size=\"40\" maxlength=\"400\" class=\"wpcf7-form-control wpcf7-text wpcf7-validates-as-required\" aria-required=\"true\" aria-invalid=\"false\" value=\"\" type=\"text\" name=\"your-subject\" \/><\/span> <\/label>\n<\/p>\n<p><label> Twoja wiadomo\u015b\u0107<br \/>\n<span class=\"wpcf7-form-control-wrap\" data-name=\"your-message\"><textarea cols=\"40\" rows=\"10\" maxlength=\"2000\" class=\"wpcf7-form-control wpcf7-textarea\" aria-invalid=\"false\" name=\"your-message\"><\/textarea><\/span> <\/label>\n<\/p>\n<center>\n\t<p><input class=\"wpcf7-form-control wpcf7-submit has-spinner\" type=\"submit\" value=\"Wy\u015blij\" \/>\n\t\t<center>\n\t\t<\/center>\n\t<\/p>\n<\/center><div class=\"wpcf7-response-output\" aria-hidden=\"true\"><\/div>\n<\/form>\n<\/div>\n\n<\/p>\n\n\n<\/div>\n<\/div>\n<div  class=\"row center-xs middle-xs\">\n<div  class=\"col-sm-9\" data-type=\"column\"><\/div>\n<\/div>\n<\/div>\n<\/div><div  id=\"features-1\" class=\"features-16 content-section content-section-spacing\" style=\"background-color: #f5fafd;\" data-label=\"Features\" data-id=\"features--2\" data-export-id=\"features-16\" data-category=\"features\">\n<div  class=\"gridContainer\">\n<div  class=\"row text-center\">\n<div  class=\"section-title-col\" data-type=\"column\">\n<h2  class=\"\">Tu nas znajdziesz<\/h2>\n<\/div>\n<\/div>\n<div  class=\"row spaced-cols\" data-type=\"row\">\n<div  class=\"col-xs-12 col-sm-6 col-md-4 space-bottom\">\n<div  class=\"col-padding-small col-padding-small-xs description-container\" data-type=\"column\"><a  data-cp-link=\"1\" href=\"https:\/\/www.cargoradom.pl\/wp-content\/uploads\/2021\/10\/1-scaled.jpg\" class=\"\" target=\"_blank\" rel=\"noopener\"><img  decoding=\"async\" class=\"custom-image alignnone\" title=\"2xa\" src=\"https:\/\/www.cargoradom.pl\/wp-content\/uploads\/2021\/10\/1-scaled.jpg\" alt=\"\"><\/a><\/div>\n<\/div>\n<div  class=\"col-xs-12 col-sm-6 col-md-4 space-bottom\">\n<div  class=\"col-padding-small col-padding-small-xs description-container\" data-type=\"column\"><a  data-cp-link=\"1\" href=\"https:\/\/www.cargoradom.pl\/wp-content\/uploads\/2021\/10\/2-scaled.jpg\" class=\"\" target=\"_blank\" rel=\"noopener\"><img  decoding=\"async\" class=\"custom-image\" title=\"1xa\" src=\"https:\/\/www.cargoradom.pl\/wp-content\/uploads\/2021\/10\/2-scaled.jpg\" alt=\"\"><\/a><\/div>\n<\/div>\n<div  class=\"col-xs-12 col-sm-6 col-md-4 space-bottom\">\n<div  class=\"col-padding-small col-padding-small-xs description-container\" data-type=\"column\"><a  data-cp-link=\"1\" href=\"https:\/\/www.cargoradom.pl\/wp-content\/uploads\/2021\/10\/3-scaled.jpg\" class=\"\" target=\"_blank\" rel=\"noopener\"><img  decoding=\"async\" class=\"custom-image\" title=\"qrf\" src=\"https:\/\/www.cargoradom.pl\/wp-content\/uploads\/2021\/10\/3-scaled.jpg\" alt=\"\"><\/a><\/div>\n<\/div>\n<\/div>\n<\/div>\n<\/div><div  id=\"latest_news-1\" class=\"blog-section blog-section-standard content-section content-section-spacing\" style=\"background-color: #ffffff;\" data-label=\"Latest-news\" data-id=\"latest_news--1\" data-export-id=\"blog-section\" data-category=\"latest_news\">\n<div  class=\"gridContainer\">\n<div  class=\"row\">\n<div  class=\"section-title-col\" data-type=\"column\">\n<h2  class=\"\">Przydatne linki:<\/h2>\n<a  class=\"link\" href=\"https:\/\/kalkulatory.gofin.pl\/kalkulatory\/kalkulator-odsetek-ustawowych\" target=\"_blank\" rel=\"noopener\" data-cp-link=\"1\">Kalkulator odsetek ustawowych<\/a><a  class=\"link\" href=\"https:\/\/nbp.pl\/statystyka-i-sprawozdawczosc\/kursy\" target=\"_blank\" rel=\"noopener\" data-cp-link=\"1\">\/ NBP \u2013 kursy walut \/<\/a><a  class=\"link\" href=\"\/\/www.gov.pl\" target=\"_blank\" rel=\"noopener\" data-cp-link=\"1\">Serwis Rzeczypospolitej Polskiej \/<\/a><a  class=\"link\" href=\"\/\/info-car.pl\/infocar\/dowod-rejestracyjny\/sprawdz-status.html\" target=\"_blank\" rel=\"noopener\" data-cp-link=\"1\">Sprawdzanie dowod\u00f3w rejestracyjnych \/<\/a><a  class=\"link\" href=\"\/\/ec.europa.eu\/taxation_customs\/dds2\/eos\/eori_validation.jsp?Lang=pl\" target=\"_blank\" rel=\"noopener\" data-cp-link=\"1\">Weryfikacja numeru EORI \/<\/a><a  class=\"link\" href=\"\/\/prod.ceidg.gov.pl\/CEIDG\/CEIDG.Public.UI\/Search.aspx\" target=\"_blank\" rel=\"noopener\" data-cp-link=\"1\">CEIDG \/<\/a><a  class=\"link\" href=\"http:\/\/vat-check.dtl.pl\" target=\"_blank\" rel=\"noopener\" data-cp-link=\"1\">NIP Europejski<\/a>\n\n<\/div>\n<\/div>\n<div  class=\"row\">\n<div  data-type=\"row\" data-dynamic-columns=\"handled\" data-content-shortcode=\"mesmerize_latest_news columns=&quot;12&quot; \">\t\t<div class=\"row center-sm content-left-sm\">\n\t\t\t<\/div>\n\t<\/div>\n<\/div>\n<div  class=\"row\">\n<div  class=\"text-center\"><a  class=\"button color1\" href=\"https:\/\/www.cargoradom.pl\/?post_type=post\" data-attr-shortcode=\"href:mesmerize_blog_link\">SEE ALL BLOG POSTS<\/a><\/div>\n<\/div>\n<\/div>\n<\/div><div  id=\"clients-1\" class=\"clients-4 content-section content-section-spacing-small\" style=\"background-color: #ffffff; background-image: none;\" data-label=\"Clients\" data-id=\"clients--1\" data-export-id=\"clients-4\" data-category=\"clients\">\n<div  class=\"\">\n<div  class=\"row\">\n<div  class=\"section-title-col\" data-type=\"column\">\n<h2  class=\"\">Im te\u017c mo\u017cna zaufa\u0107:<\/h2>\n<\/div>\n<\/div>\n<div  class=\"row spaced-cols middle-xs center-xs space-bottom padding-lr\" data-type=\"row\">\n<div  class=\"col-xs-6 col-sm-2 col-md-2\"><a  class=\"\" href=\"\/\/sklep.thermocenter.pl\" target=\"_blank\" rel=\"noopener\" data-cp-link=\"1\"><img  decoding=\"async\" class=\"custom-image\" title=\"cropped-1.jpg\" src=\"https:\/\/www.cargoradom.pl\/wp-content\/uploads\/2020\/12\/cropped-1.jpg\" alt=\"\"><\/a><\/div>\n<div  class=\"col-xs-6 col-sm-2 col-md-2\"><a  class=\"\" href=\"\/\/thermocenter.pasaz24.pl\" target=\"_blank\" rel=\"noopener\" data-cp-link=\"1\"><img  decoding=\"async\" class=\"custom-image\" title=\"cropped-2.jpg\" src=\"https:\/\/www.cargoradom.pl\/wp-content\/uploads\/2020\/12\/cropped-2.jpg\" alt=\"\"><\/a><\/div>\n<\/div>\n<\/div>\n<\/div>","protected":false},"excerpt":{"rendered":"<p>ZG\u0141OSZENIA Kompleksowe przygotowanie i dokonanie zg\u0142osze\u0144 do Urz\u0119du Celnego w ramach wszystkich procedur celnych. Rejestracja podmiot\u00f3w i pomoc w uzyskaniu numeru EORI na platformie PUESC DEKLARACJE AKCYZOWE Kompleksowe przygotowanie i dostarczenie do Urz\u0119du Skarbowego uproszczonych deklaracji akcyzowych od samochod\u00f3w osobowych w nabyciu wewn\u0105trzwsp\u00f3lnotowym WNIOSKI, ODWO\u0141ANIA, FORMALNO\u015aCI Sporz\u0105dzanie wniosk\u00f3w o udzielanie pozwole\u0144 do procedur specjalnych, wnoszenie&hellip; <br \/> <a class=\"read-more\" href=\"https:\/\/www.cargoradom.pl\/\">Dowiedz si\u0119 wi\u0119cej<\/a><\/p>\n","protected":false},"author":1,"featured_media":0,"parent":0,"menu_order":0,"comment_status":"closed","ping_status":"closed","template":"page-templates\/homepage.php","meta":{"footnotes":""},"class_list":["post-5","page","type-page","status-publish","hentry"],"_links":{"self":[{"href":"https:\/\/www.cargoradom.pl\/index.php?rest_route=\/wp\/v2\/pages\/5","targetHints":{"allow":["GET"]}}],"collection":[{"href":"https:\/\/www.cargoradom.pl\/index.php?rest_route=\/wp\/v2\/pages"}],"about":[{"href":"https:\/\/www.cargoradom.pl\/index.php?rest_route=\/wp\/v2\/types\/page"}],"author":[{"embeddable":true,"href":"https:\/\/www.cargoradom.pl\/index.php?rest_route=\/wp\/v2\/users\/1"}],"replies":[{"embeddable":true,"href":"https:\/\/www.cargoradom.pl\/index.php?rest_route=%2Fwp%2Fv2%2Fcomments&post=5"}],"version-history":[{"count":154,"href":"https:\/\/www.cargoradom.pl\/index.php?rest_route=\/wp\/v2\/pages\/5\/revisions"}],"predecessor-version":[{"id":700,"href":"https:\/\/www.cargoradom.pl\/index.php?rest_route=\/wp\/v2\/pages\/5\/revisions\/700"}],"wp:attachment":[{"href":"https:\/\/www.cargoradom.pl\/index.php?rest_route=%2Fwp%2Fv2%2Fmedia&parent=5"}],"curies":[{"name":"wp","href":"https:\/\/api.w.org\/{rel}","templated":true}]}}